{"id":1854,"date":"2025-06-30T16:40:15","date_gmt":"2025-06-30T16:40:15","guid":{"rendered":"https:\/\/exoticobeach.com\/gourmet\/"},"modified":"2026-02-11T21:56:47","modified_gmt":"2026-02-11T21:56:47","slug":"gourmet","status":"publish","type":"page","link":"https:\/\/exoticobeach.com\/es\/gourmet\/","title":{"rendered":"Gourmet"},"content":{"rendered":"\t\t<div data-elementor-type=\"wp-page\" data-elementor-id=\"1854\" class=\"elementor elementor-1854 elementor-519\" data-elementor-post-type=\"page\">\n\t\t\t\t<div class=\"elementor-element elementor-element-a513b66 e-con-full e-flex e-con e-parent\" data-id=\"a513b66\" data-element_type=\"container\" data-e-type=\"container\" data-settings=\"{&quot;background_background&quot;:&quot;classic&quot;}\">\n\t\t\t\t<div class=\"elementor-element elementor-element-da42602 elementor-invisible elementor-widget elementor-widget-heading\" data-id=\"da42602\" data-element_type=\"widget\" data-e-type=\"widget\" data-settings=\"{&quot;_animation&quot;:&quot;fadeInUp&quot;}\" data-widget_type=\"heading.default\">\n\t\t\t\t<div class=\"elementor-widget-container\">\n\t\t\t\t\t<h1 class=\"elementor-heading-title elementor-size-default\">Gourmet<\/h1>\t\t\t\t<\/div>\n\t\t\t\t<\/div>\n\t\t\t\t<\/div>\n\t\t<div class=\"elementor-element elementor-element-d9f83d3 e-flex e-con-boxed e-con e-parent\" data-id=\"d9f83d3\" data-element_type=\"container\" data-e-type=\"container\">\n\t\t\t\t\t<div class=\"e-con-inner\">\n\t\t\t\t<div class=\"elementor-element elementor-element-f3f8bb9 elementor-invisible elementor-widget elementor-widget-heading\" data-id=\"f3f8bb9\" data-element_type=\"widget\" data-e-type=\"widget\" data-settings=\"{&quot;_animation&quot;:&quot;fadeInDown&quot;}\" data-widget_type=\"heading.default\">\n\t\t\t\t<div class=\"elementor-widget-container\">\n\t\t\t\t\t<h2 class=\"elementor-heading-title elementor-size-default\">Tomate Colorao<\/h2>\t\t\t\t<\/div>\n\t\t\t\t<\/div>\n\t\t\t\t<div class=\"elementor-element elementor-element-0402ace elementor-invisible elementor-widget elementor-widget-text-editor\" data-id=\"0402ace\" data-element_type=\"widget\" data-e-type=\"widget\" data-settings=\"{&quot;_animation&quot;:&quot;fadeInUp&quot;}\" data-widget_type=\"text-editor.default\">\n\t\t\t\t<div class=\"elementor-widget-container\">\n\t\t\t\t\t\t\t\t\tLa vida en Ex\u014dtico gira en torno a la vida al aire libre y las cenas junto a la piscina. Saborea los aut\u00e9nticos sabores de la cocina costarricense al aire libre, con la caricia relajante de la brisa caribe\u00f1a. Abierto para comer y cenar, para hu\u00e9spedes del hotel y visitantes.\t\t\t\t\t\t\t\t<\/div>\n\t\t\t\t<\/div>\n\t\t\t\t\t<\/div>\n\t\t\t\t<\/div>\n\t\t<div class=\"elementor-element elementor-element-1c9d5c9 e-con-full e-flex e-con e-parent\" data-id=\"1c9d5c9\" data-element_type=\"container\" data-e-type=\"container\">\n\t\t<div class=\"elementor-element elementor-element-c56e0c5 e-con-full e-flex e-con e-child\" data-id=\"c56e0c5\" data-element_type=\"container\" data-e-type=\"container\">\n\t\t\t\t<div class=\"elementor-element elementor-element-9426087 elementor-widget elementor-widget-heading\" data-id=\"9426087\" data-element_type=\"widget\" data-e-type=\"widget\" data-widget_type=\"heading.default\">\n\t\t\t\t<div class=\"elementor-widget-container\">\n\t\t\t\t\t<h2 class=\"elementor-heading-title elementor-size-default\">Bar Jungla<\/h2>\t\t\t\t<\/div>\n\t\t\t\t<\/div>\n\t\t\t\t<div class=\"elementor-element elementor-element-d55bd7b elementor-invisible elementor-widget elementor-widget-text-editor\" data-id=\"d55bd7b\" data-element_type=\"widget\" data-e-type=\"widget\" data-settings=\"{&quot;_animation&quot;:&quot;fadeInLeft&quot;}\" data-widget_type=\"text-editor.default\">\n\t\t\t\t<div class=\"elementor-widget-container\">\n\t\t\t\t\t\t\t\t\t<p>Nuestro barman crea c\u00f3cteles inspirados en la naturaleza, utilizando ingredientes frescos y ex\u00f3ticos que te transportar\u00e1n a lugares lejanos.<\/p><p>Rel\u00e1jate en los c\u00f3modos asientos al aire libre mientras disfrutas de un refrescante c\u00f3ctel y de los sonidos de la selva.<\/p>\t\t\t\t\t\t\t\t<\/div>\n\t\t\t\t<\/div>\n\t\t\t\t<\/div>\n\t\t<div class=\"elementor-element elementor-element-a193f6c e-con-full e-flex e-con e-child\" data-id=\"a193f6c\" data-element_type=\"container\" data-e-type=\"container\">\n\t\t\t\t<div class=\"elementor-element elementor-element-43c2c3e elementor-invisible elementor-widget elementor-widget-image\" data-id=\"43c2c3e\" data-element_type=\"widget\" data-e-type=\"widget\" data-settings=\"{&quot;_animation&quot;:&quot;fadeInUp&quot;}\" data-widget_type=\"image.default\">\n\t\t\t\t<div class=\"elementor-widget-container\">\n\t\t\t\t\t\t\t\t\t\t\t\t\t\t\t<img fetchpriority=\"high\" decoding=\"async\" width=\"1024\" height=\"576\" src=\"https:\/\/exoticobeach.com\/wp-content\/uploads\/2025\/06\/exotico-bar-80-1024x576.jpg\" class=\"attachment-large size-large wp-image-1856\" alt=\"\" srcset=\"https:\/\/exoticobeach.com\/wp-content\/uploads\/2025\/06\/exotico-bar-80-1024x576.jpg 1024w, https:\/\/exoticobeach.com\/wp-content\/uploads\/2025\/06\/exotico-bar-80-300x169.jpg 300w, https:\/\/exoticobeach.com\/wp-content\/uploads\/2025\/06\/exotico-bar-80-768x432.jpg 768w, https:\/\/exoticobeach.com\/wp-content\/uploads\/2025\/06\/exotico-bar-80-1536x864.jpg 1536w, https:\/\/exoticobeach.com\/wp-content\/uploads\/2025\/06\/exotico-bar-80.jpg 1920w\" sizes=\"(max-width: 1024px) 100vw, 1024px\" \/>\t\t\t\t\t\t\t\t\t\t\t\t\t\t\t<\/div>\n\t\t\t\t<\/div>\n\t\t\t\t<\/div>\n\t\t\t\t<\/div>\n\t\t<div class=\"elementor-element elementor-element-1994fe9 e-con-full e-flex e-con e-parent\" data-id=\"1994fe9\" data-element_type=\"container\" data-e-type=\"container\" data-settings=\"{&quot;background_background&quot;:&quot;classic&quot;}\">\n\t\t<div class=\"elementor-element elementor-element-232ff62 e-con-full e-flex e-con e-child\" data-id=\"232ff62\" data-element_type=\"container\" data-e-type=\"container\">\n\t\t\t\t<div class=\"elementor-element elementor-element-85c6e12 elementor-widget elementor-widget-heading\" data-id=\"85c6e12\" data-element_type=\"widget\" data-e-type=\"widget\" data-widget_type=\"heading.default\">\n\t\t\t\t<div class=\"elementor-widget-container\">\n\t\t\t\t\t<h2 class=\"elementor-heading-title elementor-size-default\">Desayuno Ex\u014dtico<\/h2>\t\t\t\t<\/div>\n\t\t\t\t<\/div>\n\t\t\t\t<div class=\"elementor-element elementor-element-229b0b2 elementor-invisible elementor-widget elementor-widget-text-editor\" data-id=\"229b0b2\" data-element_type=\"widget\" data-e-type=\"widget\" data-settings=\"{&quot;_animation&quot;:&quot;fadeInRight&quot;}\" data-widget_type=\"text-editor.default\">\n\t\t\t\t<div class=\"elementor-widget-container\">\n\t\t\t\t\t\t\t\t\tEn el Hotel Ex\u014dtico Beach, el desayuno es una delicia con diversas opciones, desde cl\u00e1sicos tropicales a sorprendentes innovaciones.\n\nPara los n\u00f3madas que necesiten un espacio de trabajo, nuestras zonas sombreadas junto a la piscina son el lugar perfecto para conectarse y trabajar con tranquilidad.\t\t\t\t\t\t\t\t<\/div>\n\t\t\t\t<\/div>\n\t\t\t\t<\/div>\n\t\t<div class=\"elementor-element elementor-element-4b55dfd e-con-full e-flex e-con e-child\" data-id=\"4b55dfd\" data-element_type=\"container\" data-e-type=\"container\">\n\t\t\t\t<div class=\"elementor-element elementor-element-f038004 elementor-invisible elementor-widget elementor-widget-image\" data-id=\"f038004\" data-element_type=\"widget\" data-e-type=\"widget\" data-settings=\"{&quot;_animation&quot;:&quot;fadeInUp&quot;}\" data-widget_type=\"image.default\">\n\t\t\t\t<div class=\"elementor-widget-container\">\n\t\t\t\t\t\t\t\t\t\t\t\t\t\t\t<img decoding=\"async\" width=\"1024\" height=\"576\" src=\"https:\/\/exoticobeach.com\/wp-content\/uploads\/2025\/06\/exotico-alimentos-80-1024x576.jpg\" class=\"attachment-large size-large wp-image-1858\" alt=\"\" srcset=\"https:\/\/exoticobeach.com\/wp-content\/uploads\/2025\/06\/exotico-alimentos-80-1024x576.jpg 1024w, https:\/\/exoticobeach.com\/wp-content\/uploads\/2025\/06\/exotico-alimentos-80-300x169.jpg 300w, https:\/\/exoticobeach.com\/wp-content\/uploads\/2025\/06\/exotico-alimentos-80-768x432.jpg 768w, https:\/\/exoticobeach.com\/wp-content\/uploads\/2025\/06\/exotico-alimentos-80-1536x864.jpg 1536w, https:\/\/exoticobeach.com\/wp-content\/uploads\/2025\/06\/exotico-alimentos-80.jpg 1920w\" sizes=\"(max-width: 1024px) 100vw, 1024px\" \/>\t\t\t\t\t\t\t\t\t\t\t\t\t\t\t<\/div>\n\t\t\t\t<\/div>\n\t\t\t\t<\/div>\n\t\t\t\t<\/div>\n\t\t<div class=\"elementor-element elementor-element-e78c10a e-con-full e-flex e-con e-parent\" data-id=\"e78c10a\" data-element_type=\"container\" data-e-type=\"container\">\n\t\t<div class=\"elementor-element elementor-element-41e8325 e-con-full e-flex e-con e-child\" data-id=\"41e8325\" data-element_type=\"container\" data-e-type=\"container\">\n\t\t\t\t<div class=\"elementor-element elementor-element-6ac8239 elementor-invisible elementor-widget elementor-widget-heading\" data-id=\"6ac8239\" data-element_type=\"widget\" data-e-type=\"widget\" data-settings=\"{&quot;_animation&quot;:&quot;fadeInUp&quot;}\" data-widget_type=\"heading.default\">\n\t\t\t\t<div class=\"elementor-widget-container\">\n\t\t\t\t\t<h2 class=\"elementor-heading-title elementor-size-default\">aw\u0101 Club de Playa<\/h2>\t\t\t\t<\/div>\n\t\t\t\t<\/div>\n\t\t\t\t<div class=\"elementor-element elementor-element-0446985 elementor-invisible elementor-widget elementor-widget-text-editor\" data-id=\"0446985\" data-element_type=\"widget\" data-e-type=\"widget\" data-settings=\"{&quot;_animation&quot;:&quot;fadeInLeft&quot;}\" data-widget_type=\"text-editor.default\">\n\t\t\t\t<div class=\"elementor-widget-container\">\n\t\t\t\t\t\t\t\t\taw\u0101 Beach Club, en Punta Uva, se asienta en una playa \u00fanica rodeada de selva, arenas blancas y el azul del Caribe.\n\npara reclinarte bajo las palmeras, saboreando la cocina y las bebidas costarricenses con los pies en la arena.\t\t\t\t\t\t\t\t<\/div>\n\t\t\t\t<\/div>\n\t\t\t\t<\/div>\n\t\t<div class=\"elementor-element elementor-element-bdf171a e-con-full e-flex e-con e-child\" data-id=\"bdf171a\" data-element_type=\"container\" data-e-type=\"container\">\n\t\t\t\t<div class=\"elementor-element elementor-element-2a82792 elementor-invisible elementor-widget elementor-widget-image\" data-id=\"2a82792\" data-element_type=\"widget\" data-e-type=\"widget\" data-settings=\"{&quot;_animation&quot;:&quot;fadeInUp&quot;}\" data-widget_type=\"image.default\">\n\t\t\t\t<div class=\"elementor-widget-container\">\n\t\t\t\t\t\t\t\t\t\t\t\t\t\t\t<img decoding=\"async\" width=\"1024\" height=\"576\" src=\"https:\/\/exoticobeach.com\/wp-content\/uploads\/2025\/07\/awa_beach_club-1024x576.jpg\" class=\"attachment-large size-large wp-image-1867\" alt=\"\" srcset=\"https:\/\/exoticobeach.com\/wp-content\/uploads\/2025\/07\/awa_beach_club-1024x576.jpg 1024w, https:\/\/exoticobeach.com\/wp-content\/uploads\/2025\/07\/awa_beach_club-300x169.jpg 300w, https:\/\/exoticobeach.com\/wp-content\/uploads\/2025\/07\/awa_beach_club-768x432.jpg 768w, https:\/\/exoticobeach.com\/wp-content\/uploads\/2025\/07\/awa_beach_club-1536x864.jpg 1536w, https:\/\/exoticobeach.com\/wp-content\/uploads\/2025\/07\/awa_beach_club.jpg 1920w\" sizes=\"(max-width: 1024px) 100vw, 1024px\" \/>\t\t\t\t\t\t\t\t\t\t\t\t\t\t\t<\/div>\n\t\t\t\t<\/div>\n\t\t\t\t<\/div>\n\t\t\t\t<\/div>\n\t\t<div class=\"elementor-element elementor-element-dcd638c e-con-full e-flex e-con e-parent\" data-id=\"dcd638c\" data-element_type=\"container\" data-e-type=\"container\" data-settings=\"{&quot;background_background&quot;:&quot;classic&quot;}\">\n\t\t<div class=\"elementor-element elementor-element-2796f7f e-con-full e-flex e-con e-child\" data-id=\"2796f7f\" data-element_type=\"container\" data-e-type=\"container\">\n\t\t\t\t<div class=\"elementor-element elementor-element-d733045 elementor-widget elementor-widget-heading\" data-id=\"d733045\" data-element_type=\"widget\" data-e-type=\"widget\" data-widget_type=\"heading.default\">\n\t\t\t\t<div class=\"elementor-widget-container\">\n\t\t\t\t\t<h2 class=\"elementor-heading-title elementor-size-default\">Restaurante aw\u0101<\/h2>\t\t\t\t<\/div>\n\t\t\t\t<\/div>\n\t\t\t\t<div class=\"elementor-element elementor-element-9ef50cd elementor-invisible elementor-widget elementor-widget-text-editor\" data-id=\"9ef50cd\" data-element_type=\"widget\" data-e-type=\"widget\" data-settings=\"{&quot;_animation&quot;:&quot;fadeInRight&quot;}\" data-widget_type=\"text-editor.default\">\n\t\t\t\t<div class=\"elementor-widget-container\">\n\t\t\t\t\t\t\t\t\tEl Restaurante aw\u0101 ofrece una experiencia para cada momento del d\u00eda.\n\n<span style=\"font-style: inherit; font-weight: inherit;\">Empieza con incre\u00edbles desayunos para dar la bienvenida a la ma\u00f1ana, disfruta de platos frescos y sabrosos junto al mar a la hora de comer, y termina el d\u00eda con rom\u00e1nticas cenas bajo las estrellas, rodeado de la belleza natural de Punta Uva.<\/span>\t\t\t\t\t\t\t\t<\/div>\n\t\t\t\t<\/div>\n\t\t\t\t<\/div>\n\t\t<div class=\"elementor-element elementor-element-55d16c3 e-con-full e-flex e-con e-child\" data-id=\"55d16c3\" data-element_type=\"container\" data-e-type=\"container\">\n\t\t\t\t<div class=\"elementor-element elementor-element-7619b77 elementor-invisible elementor-widget elementor-widget-image\" data-id=\"7619b77\" data-element_type=\"widget\" data-e-type=\"widget\" data-settings=\"{&quot;_animation&quot;:&quot;fadeInUp&quot;}\" data-widget_type=\"image.default\">\n\t\t\t\t<div class=\"elementor-widget-container\">\n\t\t\t\t\t\t\t\t\t\t\t\t\t\t\t<img loading=\"lazy\" decoding=\"async\" width=\"1024\" height=\"576\" src=\"https:\/\/exoticobeach.com\/wp-content\/uploads\/2025\/06\/exotico-restaurant-80-1024x576.jpg\" class=\"attachment-large size-large wp-image-1861\" alt=\"\" srcset=\"https:\/\/exoticobeach.com\/wp-content\/uploads\/2025\/06\/exotico-restaurant-80-1024x576.jpg 1024w, https:\/\/exoticobeach.com\/wp-content\/uploads\/2025\/06\/exotico-restaurant-80-300x169.jpg 300w, https:\/\/exoticobeach.com\/wp-content\/uploads\/2025\/06\/exotico-restaurant-80-768x432.jpg 768w, https:\/\/exoticobeach.com\/wp-content\/uploads\/2025\/06\/exotico-restaurant-80-1536x864.jpg 1536w, https:\/\/exoticobeach.com\/wp-content\/uploads\/2025\/06\/exotico-restaurant-80.jpg 1920w\" sizes=\"(max-width: 1024px) 100vw, 1024px\" \/>\t\t\t\t\t\t\t\t\t\t\t\t\t\t\t<\/div>\n\t\t\t\t<\/div>\n\t\t\t\t<\/div>\n\t\t\t\t<\/div>\n\t\t\t\t<\/div>\n\t\t","protected":false},"excerpt":{"rendered":"<p>Gourmet Tomate Colorao La vida en Ex\u014dtico gira en torno a la vida al aire libre y las cenas junto [&hellip;]<\/p>\n","protected":false},"author":1,"featured_media":0,"parent":0,"menu_order":0,"comment_status":"closed","ping_status":"closed","template":"","meta":{"site-sidebar-layout":"no-sidebar","site-content-layout":"","ast-site-content-layout":"full-width-container","site-content-style":"default","site-sidebar-style":"default","ast-global-header-display":"","ast-banner-title-visibility":"","ast-main-header-display":"","ast-hfb-above-header-display":"","ast-hfb-below-header-display":"","ast-hfb-mobile-header-display":"","site-post-title":"disabled","ast-breadcrumbs-content":"","ast-featured-img":"disabled","footer-sml-layout":"","theme-transparent-header-meta":"enabled","adv-header-id-meta":"","stick-header-meta":"","header-above-stick-meta":"","header-main-stick-meta":"","header-below-stick-meta":"","astra-migrate-meta-layouts":"default","ast-page-background-enabled":"default","ast-page-background-meta":{"desktop":{"background-color":"var(--ast-global-color-5)","background-image":"","background-repeat":"repeat","background-position":"center center","background-size":"auto","background-attachment":"scroll","background-type":"","background-media":"","overlay-type":"","overlay-color":"","overlay-opacity":"","overlay-gradient":""},"tablet":{"background-color":"","background-image":"","background-repeat":"repeat","background-position":"center center","background-size":"auto","background-attachment":"scroll","background-type":"","background-media":"","overlay-type":"","overlay-color":"","overlay-opacity":"","overlay-gradient":""},"mobile":{"background-color":"","background-image":"","background-repeat":"repeat","background-position":"center center","background-size":"auto","background-attachment":"scroll","background-type":"","background-media":"","overlay-type":"","overlay-color":"","overlay-opacity":"","overlay-gradient":""}},"ast-content-background-meta":{"desktop":{"background-color":"var(--ast-global-color-4)","background-image":"","background-repeat":"repeat","background-position":"center center","background-size":"auto","background-attachment":"scroll","background-type":"","background-media":"","overlay-type":"","overlay-color":"","overlay-opacity":"","overlay-gradient":""},"tablet":{"background-color":"var(--ast-global-color-4)","background-image":"","background-repeat":"repeat","background-position":"center center","background-size":"auto","background-attachment":"scroll","background-type":"","background-media":"","overlay-type":"","overlay-color":"","overlay-opacity":"","overlay-gradient":""},"mobile":{"background-color":"var(--ast-global-color-4)","background-image":"","background-repeat":"repeat","background-position":"center center","background-size":"auto","background-attachment":"scroll","background-type":"","background-media":"","overlay-type":"","overlay-color":"","overlay-opacity":"","overlay-gradient":""}},"footnotes":""},"class_list":["post-1854","page","type-page","status-publish","hentry"],"_links":{"self":[{"href":"https:\/\/exoticobeach.com\/es\/wp-json\/wp\/v2\/pages\/1854","targetHints":{"allow":["GET"]}}],"collection":[{"href":"https:\/\/exoticobeach.com\/es\/wp-json\/wp\/v2\/pages"}],"about":[{"href":"https:\/\/exoticobeach.com\/es\/wp-json\/wp\/v2\/types\/page"}],"author":[{"embeddable":true,"href":"https:\/\/exoticobeach.com\/es\/wp-json\/wp\/v2\/users\/1"}],"replies":[{"embeddable":true,"href":"https:\/\/exoticobeach.com\/es\/wp-json\/wp\/v2\/comments?post=1854"}],"version-history":[{"count":10,"href":"https:\/\/exoticobeach.com\/es\/wp-json\/wp\/v2\/pages\/1854\/revisions"}],"predecessor-version":[{"id":2351,"href":"https:\/\/exoticobeach.com\/es\/wp-json\/wp\/v2\/pages\/1854\/revisions\/2351"}],"wp:attachment":[{"href":"https:\/\/exoticobeach.com\/es\/wp-json\/wp\/v2\/media?parent=1854"}],"curies":[{"name":"wp","href":"https:\/\/api.w.org\/{rel}","templated":true}]}}